{"id":47,"date":"2025-09-29T11:08:29","date_gmt":"2025-09-29T11:08:29","guid":{"rendered":"https:\/\/stmilutintheking.org\/donacije\/"},"modified":"2025-09-30T21:29:52","modified_gmt":"2025-09-30T21:29:52","slug":"donacije","status":"publish","type":"page","link":"https:\/\/stmilutintheking.org\/en\/donacije\/","title":{"rendered":"Donacije"},"content":{"rendered":"\t\t<div data-elementor-type=\"wp-page\" data-elementor-id=\"47\" class=\"elementor elementor-47\" data-elementor-post-type=\"page\">\n\t\t\t\t<div class=\"elementor-element elementor-element-2124940 e-flex e-con-boxed e-con e-parent\" data-id=\"2124940\" data-element_type=\"container\" data-e-type=\"container\" data-settings=\"{&quot;background_background&quot;:&quot;classic&quot;}\">\n\t\t\t\t\t<div class=\"e-con-inner\">\n\t\t<div class=\"elementor-element elementor-element-44727e1d e-con-full e-flex e-con e-child\" data-id=\"44727e1d\" data-element_type=\"container\" data-e-type=\"container\">\n\t\t\t\t<div class=\"elementor-element elementor-element-68df6b31 elementor-widget elementor-widget-heading\" data-id=\"68df6b31\" data-element_type=\"widget\" data-e-type=\"widget\" data-widget_type=\"heading.default\">\n\t\t\t\t\t<h1 class=\"elementor-heading-title elementor-size-default\">\u0412\u0430\u0448\u0430 \u043f\u043e\u0434\u0440\u0448\u043a\u0430 \u0447\u0438\u043d\u0438 \u0440\u0430\u0437\u043b\u0438\u043a\u0443<\/h1>\t\t\t\t<\/div>\n\t\t\t\t<div class=\"elementor-element elementor-element-3b026a9c elementor-widget__width-initial elementor-widget elementor-widget-text-editor\" data-id=\"3b026a9c\" data-element_type=\"widget\" data-e-type=\"widget\" data-widget_type=\"text-editor.default\">\n\t\t\t\t\t\t\t\t\t<p>Va\u0161e donacije su od su\u0161tinskog zna\u010daja za na\u0161u zajednicu. Poma\u017eu nam da odr\u017eavamo i razvijamo na\u0161e aktivnosti, pru\u017eaju\u0107i podr\u0161ku svima kojima je potrebna. Zajedno mo\u017eemo u\u010diniti na\u0161 svet boljim mestom.<\/p>\t\t\t\t\t\t\t\t<\/div>\n\t\t\t\t<\/div>\n\t\t\t\t\t<\/div>\n\t\t\t\t<\/div>\n\t\t<div class=\"elementor-element elementor-element-39a66984 e-flex e-con-boxed e-con e-parent\" data-id=\"39a66984\" data-element_type=\"container\" data-e-type=\"container\" data-settings=\"{&quot;background_background&quot;:&quot;classic&quot;}\">\n\t\t\t\t\t<div class=\"e-con-inner\">\n\t\t<div class=\"elementor-element elementor-element-7a3698c4 e-con-full e-flex e-con e-child\" data-id=\"7a3698c4\" data-element_type=\"container\" data-e-type=\"container\">\n\t\t\t\t<div class=\"elementor-element elementor-element-02b037f elementor-widget elementor-widget-heading\" data-id=\"02b037f\" data-element_type=\"widget\" data-e-type=\"widget\" data-widget_type=\"heading.default\">\n\t\t\t\t\t<span class=\"elementor-heading-title elementor-size-default\">\u041e \u0434\u043e\u043d\u0430\u0446\u0438\u0458\u0430\u043c\u0430<\/span>\t\t\t\t<\/div>\n\t\t\t\t<div class=\"elementor-element elementor-element-782a866d elementor-widget elementor-widget-heading\" data-id=\"782a866d\" data-element_type=\"widget\" data-e-type=\"widget\" data-widget_type=\"heading.default\">\n\t\t\t\t\t<h2 class=\"elementor-heading-title elementor-size-default\">\u0417\u0430\u0448\u0442\u043e \u0434\u043e\u043d\u0430\u0446\u0438\u0458\u0435 \u0437\u043d\u0430\u0447\u0435<\/h2>\t\t\t\t<\/div>\n\t\t\t\t<div class=\"elementor-element elementor-element-217a3931 elementor-widget elementor-widget-text-editor\" data-id=\"217a3931\" data-element_type=\"widget\" data-e-type=\"widget\" data-widget_type=\"text-editor.default\">\n\t\t\t\t\t\t\t\t\t\u041d\u0430\u0448\u0430 \u0446\u0440\u043a\u0432\u0430 \u043e\u043f\u0441\u0442\u0430\u0458\u0435 \u0438 \u0440\u0430\u0437\u0432\u0438\u0458\u0430 \u0441\u0435 \u0437\u0430\u0445\u0432\u0430\u0459\u0443\u0458\u0443\u045b\u0438 \u0459\u0443\u0431\u0430\u0432\u0438, \u043f\u043e\u0436\u0440\u0442\u0432\u043e\u0432\u0430\u043d\u043e\u0441\u0442\u0438 \u0438 \u043f\u043e\u0434\u0440\u0448\u0446\u0438 \u0441\u0432\u043e\u0458\u0438\u0445 \u0432\u0435\u0440\u043d\u0438\u043a\u0430. \u0421\u0432\u0430\u043a\u0430 \u0434\u043e\u043d\u0430\u0446\u0438\u0458\u0430, \u0431\u0435\u0437 \u043e\u0431\u0437\u0438\u0440\u0430 \u043d\u0430 \u0432\u0435\u043b\u0438\u0447\u0438\u043d\u0443, \u0434\u043e\u043f\u0440\u0438\u043d\u043e\u0441\u0438 \u043e\u0447\u0443\u0432\u0430\u045a\u0443 \u043d\u0430\u0448\u0435 \u0437\u0430\u0458\u0435\u0434\u043d\u0438\u0446\u0435, \u0434\u0443\u0445\u043e\u0432\u043d\u043e\u0433 \u0436\u0438\u0432\u043e\u0442\u0430 \u0438 \u043a\u0443\u043b\u0442\u0443\u0440\u043d\u043e\u0433 \u043d\u0430\u0441\u043b\u0435\u0452\u0430 \u043a\u043e\u0458\u0435 \u043e\u0441\u0442\u0430\u0432\u0459\u0430\u043c\u043e \u0431\u0443\u0434\u0443\u045b\u0438\u043c \u0433\u0435\u043d\u0435\u0440\u0430\u0446\u0438\u0458\u0430\u043c\u0430. \u0412\u0430\u0448\u0435 \u0443\u0447\u0435\u0448\u045b\u0435 \u0458\u0435 \u043e\u0434 \u043d\u0435\u043f\u0440\u043e\u0446\u0435\u045a\u0438\u0432\u043e\u0433 \u0437\u043d\u0430\u0447\u0430\u0458\u0430.\t\t\t\t\t\t\t\t<\/div>\n\t\t\t\t<\/div>\n\t\t<div class=\"elementor-element elementor-element-939c6d7 e-con-full e-flex e-con e-child\" data-id=\"939c6d7\" data-element_type=\"container\" data-e-type=\"container\">\n\t\t\t\t<div class=\"elementor-element elementor-element-59a0d12 elementor-widget elementor-widget-image\" data-id=\"59a0d12\" data-element_type=\"widget\" data-e-type=\"widget\" data-widget_type=\"image.default\">\n\t\t\t\t\t\t\t\t\t\t\t\t\t\t\t<img fetchpriority=\"high\" decoding=\"async\" width=\"843\" height=\"632\" src=\"https:\/\/stmilutintheking.org\/wp-content\/uploads\/2025\/09\/486573568_1049138950594215_5104520315530304664_n.jpg\" class=\"attachment-full size-full wp-image-149\" alt=\"\" srcset=\"https:\/\/stmilutintheking.org\/wp-content\/uploads\/2025\/09\/486573568_1049138950594215_5104520315530304664_n.jpg 843w, https:\/\/stmilutintheking.org\/wp-content\/uploads\/2025\/09\/486573568_1049138950594215_5104520315530304664_n-300x225.jpg 300w, https:\/\/stmilutintheking.org\/wp-content\/uploads\/2025\/09\/486573568_1049138950594215_5104520315530304664_n-768x576.jpg 768w\" sizes=\"(max-width: 843px) 100vw, 843px\" \/>\t\t\t\t\t\t\t\t\t\t\t\t\t\t\t<\/div>\n\t\t\t\t<\/div>\n\t\t\t\t\t<\/div>\n\t\t\t\t<\/div>\n\t\t<div class=\"elementor-element elementor-element-6ddb9825 e-flex e-con-boxed e-con e-parent\" data-id=\"6ddb9825\" data-element_type=\"container\" data-e-type=\"container\">\n\t\t\t\t\t<div class=\"e-con-inner\">\n\t\t<div class=\"elementor-element elementor-element-74de512 e-con-full e-flex e-con e-child\" data-id=\"74de512\" data-element_type=\"container\" data-e-type=\"container\">\n\t\t\t\t<div class=\"elementor-element elementor-element-503bd27 elementor-widget elementor-widget-heading\" data-id=\"503bd27\" data-element_type=\"widget\" data-e-type=\"widget\" data-widget_type=\"heading.default\">\n\t\t\t\t\t<span class=\"elementor-heading-title elementor-size-default\">\u0417\u0430\u0458\u0435\u0434\u043d\u0438\u0448\u0442\u0432\u043e<\/span>\t\t\t\t<\/div>\n\t\t\t\t<div class=\"elementor-element elementor-element-44029649 elementor-widget elementor-widget-heading\" data-id=\"44029649\" data-element_type=\"widget\" data-e-type=\"widget\" data-widget_type=\"heading.default\">\n\t\t\t\t\t<h2 class=\"elementor-heading-title elementor-size-default\">\u041a\u0430\u043a\u043e \u0434\u043e\u043d\u0430\u0446\u0438\u0458\u0435 \u043c\u0435\u045a\u0430\u0458\u0443 \u0437\u0430\u0458\u0435\u0434\u043d\u0438\u0446\u0443<\/h2>\t\t\t\t<\/div>\n\t\t\t\t<div class=\"elementor-element elementor-element-8df6f8b elementor-widget__width-initial elementor-widget elementor-widget-text-editor\" data-id=\"8df6f8b\" data-element_type=\"widget\" data-e-type=\"widget\" data-widget_type=\"text-editor.default\">\n\t\t\t\t\t\t\t\t\tLorem ipsum dolor sit amet, consectetur adipiscing elit. Ut elit tellus, luctus nec ullamcorper mattis, pulvinar dapibus leo.\t\t\t\t\t\t\t\t<\/div>\n\t\t\t\t<\/div>\n\t\t<div class=\"elementor-element elementor-element-353c9c99 e-con-full e-flex e-con e-child\" data-id=\"353c9c99\" data-element_type=\"container\" data-e-type=\"container\">\n\t\t\t\t<div class=\"elementor-element elementor-element-3c8724e8 elementor-tablet-position-block-start elementor-view-default elementor-position-block-start elementor-mobile-position-block-start elementor-widget elementor-widget-icon-box\" data-id=\"3c8724e8\" data-element_type=\"widget\" data-e-type=\"widget\" data-widget_type=\"icon-box.default\">\n\t\t\t\t\t\t\t<div class=\"elementor-icon-box-wrapper\">\n\n\t\t\t\t\t\t<div class=\"elementor-icon-box-icon\">\n\t\t\t\t<span  class=\"elementor-icon\">\n\t\t\t\t<svg aria-hidden=\"true\" class=\"e-font-icon-svg e-fas-ambulance\" viewBox=\"0 0 640 512\" xmlns=\"http:\/\/www.w3.org\/2000\/svg\"><path d=\"M624 352h-16V243.9c0-12.7-5.1-24.9-14.1-33.9L494 110.1c-9-9-21.2-14.1-33.9-14.1H416V48c0-26.5-21.5-48-48-48H48C21.5 0 0 21.5 0 48v320c0 26.5 21.5 48 48 48h16c0 53 43 96 96 96s96-43 96-96h128c0 53 43 96 96 96s96-43 96-96h48c8.8 0 16-7.2 16-16v-32c0-8.8-7.2-16-16-16zM160 464c-26.5 0-48-21.5-48-48s21.5-48 48-48 48 21.5 48 48-21.5 48-48 48zm144-248c0 4.4-3.6 8-8 8h-56v56c0 4.4-3.6 8-8 8h-48c-4.4 0-8-3.6-8-8v-56h-56c-4.4 0-8-3.6-8-8v-48c0-4.4 3.6-8 8-8h56v-56c0-4.4 3.6-8 8-8h48c4.4 0 8 3.6 8 8v56h56c4.4 0 8 3.6 8 8v48zm176 248c-26.5 0-48-21.5-48-48s21.5-48 48-48 48 21.5 48 48-21.5 48-48 48zm80-208H416V144h44.1l99.9 99.9V256z\"><\/path><\/svg>\t\t\t\t<\/span>\n\t\t\t<\/div>\n\t\t\t\n\t\t\t\t\t\t<div class=\"elementor-icon-box-content\">\n\n\t\t\t\t\t\t\t\t\t<h3 class=\"elementor-icon-box-title\">\n\t\t\t\t\t\t<span  >\n\t\t\t\t\t\t\t\u041f\u043e\u043c\u043e\u045b \u0441\u0438\u0440\u043e\u043c\u0430\u0448\u043d\u0438\u043c\u0430\t\t\t\t\t\t<\/span>\n\t\t\t\t\t<\/h3>\n\t\t\t\t\n\t\t\t\t\t\t\t\t\t<p class=\"elementor-icon-box-description\">\n\t\t\t\t\t\t\u0412\u0430\u0448\u0430 \u043f\u043e\u0434\u0440\u0448\u043a\u0430 \u0434\u043e\u043d\u043e\u0441\u0438 \u0445\u0440\u0430\u043d\u0443 \u0438 \u043e\u0434\u0435\u045b\u0443 \u043e\u043d\u0438\u043c\u0430 \u043a\u043e\u0458\u0438\u043c\u0430 \u0458\u0435 \u0442\u043e \u043d\u0430\u0458\u043f\u043e\u0442\u0440\u0435\u0431\u043d\u0438\u0458\u0435, \u0447\u0438\u043d\u0435\u045b\u0438 \u0441\u0432\u0435\u0442 \u0431\u043e\u0459\u0438\u043c \u043c\u0435\u0441\u0442\u043e\u043c.\t\t\t\t\t<\/p>\n\t\t\t\t\n\t\t\t<\/div>\n\t\t\t\n\t\t<\/div>\n\t\t\t\t\t\t<\/div>\n\t\t\t\t<div class=\"elementor-element elementor-element-3cabd848 elementor-tablet-position-block-start elementor-view-default elementor-position-block-start elementor-mobile-position-block-start elementor-widget elementor-widget-icon-box\" data-id=\"3cabd848\" data-element_type=\"widget\" data-e-type=\"widget\" data-widget_type=\"icon-box.default\">\n\t\t\t\t\t\t\t<div class=\"elementor-icon-box-wrapper\">\n\n\t\t\t\t\t\t<div class=\"elementor-icon-box-icon\">\n\t\t\t\t<span  class=\"elementor-icon\">\n\t\t\t\t<svg aria-hidden=\"true\" class=\"e-font-icon-svg e-fas-graduation-cap\" viewBox=\"0 0 640 512\" xmlns=\"http:\/\/www.w3.org\/2000\/svg\"><path d=\"M622.34 153.2L343.4 67.5c-15.2-4.67-31.6-4.67-46.79 0L17.66 153.2c-23.54 7.23-23.54 38.36 0 45.59l48.63 14.94c-10.67 13.19-17.23 29.28-17.88 46.9C38.78 266.15 32 276.11 32 288c0 10.78 5.68 19.85 13.86 25.65L20.33 428.53C18.11 438.52 25.71 448 35.94 448h56.11c10.24 0 17.84-9.48 15.62-19.47L82.14 313.65C90.32 307.85 96 298.78 96 288c0-11.57-6.47-21.25-15.66-26.87.76-15.02 8.44-28.3 20.69-36.72L296.6 284.5c9.06 2.78 26.44 6.25 46.79 0l278.95-85.7c23.55-7.24 23.55-38.36 0-45.6zM352.79 315.09c-28.53 8.76-52.84 3.92-65.59 0l-145.02-44.55L128 384c0 35.35 85.96 64 192 64s192-28.65 192-64l-14.18-113.47-145.03 44.56z\"><\/path><\/svg>\t\t\t\t<\/span>\n\t\t\t<\/div>\n\t\t\t\n\t\t\t\t\t\t<div class=\"elementor-icon-box-content\">\n\n\t\t\t\t\t\t\t\t\t<h3 class=\"elementor-icon-box-title\">\n\t\t\t\t\t\t<span  >\n\t\t\t\t\t\t\t\u041e\u0431\u0440\u0430\u0437\u043e\u0432\u0430\u045a\u0435 \u0438 \u043f\u043e\u0434\u0440\u0448\u043a\u0430\t\t\t\t\t\t<\/span>\n\t\t\t\t\t<\/h3>\n\t\t\t\t\n\t\t\t\t\t\t\t\t\t<p class=\"elementor-icon-box-description\">\n\t\t\t\t\t\t\u0414\u043e\u043d\u0430\u0446\u0438\u0458\u0435 \u043e\u043c\u043e\u0433\u0443\u045b\u0430\u0432\u0430\u0458\u0443 \u0434\u0435\u0446\u0438 \u043f\u0440\u0438\u0441\u0442\u0443\u043f \u043e\u0431\u0440\u0430\u0437\u043e\u0432\u0430\u045a\u0443, \u043f\u043e\u043c\u0430\u0436\u0443\u045b\u0438 \u0438\u043c \u0434\u0430 \u0438\u0437\u0433\u0440\u0430\u0434\u0435 \u0431\u043e\u0459\u0443 \u0431\u0443\u0434\u0443\u045b\u043d\u043e\u0441\u0442.\t\t\t\t\t<\/p>\n\t\t\t\t\n\t\t\t<\/div>\n\t\t\t\n\t\t<\/div>\n\t\t\t\t\t\t<\/div>\n\t\t\t\t<div class=\"elementor-element elementor-element-1ae2904c elementor-tablet-position-block-start elementor-view-default elementor-position-block-start elementor-mobile-position-block-start elementor-widget elementor-widget-icon-box\" data-id=\"1ae2904c\" data-element_type=\"widget\" data-e-type=\"widget\" data-widget_type=\"icon-box.default\">\n\t\t\t\t\t\t\t<div class=\"elementor-icon-box-wrapper\">\n\n\t\t\t\t\t\t<div class=\"elementor-icon-box-icon\">\n\t\t\t\t<span  class=\"elementor-icon\">\n\t\t\t\t<svg aria-hidden=\"true\" class=\"e-font-icon-svg e-fas-church\" viewBox=\"0 0 640 512\" xmlns=\"http:\/\/www.w3.org\/2000\/svg\"><path d=\"M464.46 246.68L352 179.2V128h48c8.84 0 16-7.16 16-16V80c0-8.84-7.16-16-16-16h-48V16c0-8.84-7.16-16-16-16h-32c-8.84 0-16 7.16-16 16v48h-48c-8.84 0-16 7.16-16 16v32c0 8.84 7.16 16 16 16h48v51.2l-112.46 67.48A31.997 31.997 0 0 0 160 274.12V512h96v-96c0-35.35 28.65-64 64-64s64 28.65 64 64v96h96V274.12c0-11.24-5.9-21.66-15.54-27.44zM0 395.96V496c0 8.84 7.16 16 16 16h112V320L19.39 366.54A32.024 32.024 0 0 0 0 395.96zm620.61-29.42L512 320v192h112c8.84 0 16-7.16 16-16V395.96c0-12.8-7.63-24.37-19.39-29.42z\"><\/path><\/svg>\t\t\t\t<\/span>\n\t\t\t<\/div>\n\t\t\t\n\t\t\t\t\t\t<div class=\"elementor-icon-box-content\">\n\n\t\t\t\t\t\t\t\t\t<h3 class=\"elementor-icon-box-title\">\n\t\t\t\t\t\t<span  >\n\t\t\t\t\t\t\t\u041a\u0443\u043b\u0442\u0443\u0440\u0430 \u0438 \u0442\u0440\u0430\u0434\u0438\u0446\u0438\u0458\u0430\t\t\t\t\t\t<\/span>\n\t\t\t\t\t<\/h3>\n\t\t\t\t\n\t\t\t\t\t\t\t\t\t<p class=\"elementor-icon-box-description\">\n\t\t\t\t\t\t\u0412\u0430\u0448\u0435 \u0434\u043e\u043d\u0430\u0446\u0438\u0458\u0435 \u043f\u043e\u0434\u0440\u0436\u0430\u0432\u0430\u0458\u0443 \u043e\u0447\u0443\u0432\u0430\u045a\u0435 \u043a\u0443\u043b\u0442\u0443\u0440\u043d\u0438\u0445 \u043e\u0431\u0438\u0447\u0430\u0458\u0430 \u0438 \u0442\u0440\u0430\u0434\u0438\u0446\u0438\u0458\u0430 \u043d\u0430\u0448\u0435 \u0437\u0430\u0458\u0435\u0434\u043d\u0438\u0446\u0435.\t\t\t\t\t<\/p>\n\t\t\t\t\n\t\t\t<\/div>\n\t\t\t\n\t\t<\/div>\n\t\t\t\t\t\t<\/div>\n\t\t\t\t<div class=\"elementor-element elementor-element-94ecdce elementor-tablet-position-block-start elementor-view-default elementor-position-block-start elementor-mobile-position-block-start elementor-widget elementor-widget-icon-box\" data-id=\"94ecdce\" data-element_type=\"widget\" data-e-type=\"widget\" data-widget_type=\"icon-box.default\">\n\t\t\t\t\t\t\t<div class=\"elementor-icon-box-wrapper\">\n\n\t\t\t\t\t\t<div class=\"elementor-icon-box-icon\">\n\t\t\t\t<span  class=\"elementor-icon\">\n\t\t\t\t<svg aria-hidden=\"true\" class=\"e-font-icon-svg e-fas-users\" viewBox=\"0 0 640 512\" xmlns=\"http:\/\/www.w3.org\/2000\/svg\"><path d=\"M96 224c35.3 0 64-28.7 64-64s-28.7-64-64-64-64 28.7-64 64 28.7 64 64 64zm448 0c35.3 0 64-28.7 64-64s-28.7-64-64-64-64 28.7-64 64 28.7 64 64 64zm32 32h-64c-17.6 0-33.5 7.1-45.1 18.6 40.3 22.1 68.9 62 75.1 109.4h66c17.7 0 32-14.3 32-32v-32c0-35.3-28.7-64-64-64zm-256 0c61.9 0 112-50.1 112-112S381.9 32 320 32 208 82.1 208 144s50.1 112 112 112zm76.8 32h-8.3c-20.8 10-43.9 16-68.5 16s-47.6-6-68.5-16h-8.3C179.6 288 128 339.6 128 403.2V432c0 26.5 21.5 48 48 48h288c26.5 0 48-21.5 48-48v-28.8c0-63.6-51.6-115.2-115.2-115.2zm-223.7-13.4C161.5 263.1 145.6 256 128 256H64c-35.3 0-64 28.7-64 64v32c0 17.7 14.3 32 32 32h65.9c6.3-47.4 34.9-87.3 75.2-109.4z\"><\/path><\/svg>\t\t\t\t<\/span>\n\t\t\t<\/div>\n\t\t\t\n\t\t\t\t\t\t<div class=\"elementor-icon-box-content\">\n\n\t\t\t\t\t\t\t\t\t<h3 class=\"elementor-icon-box-title\">\n\t\t\t\t\t\t<span  >\n\t\t\t\t\t\t\t\u0417\u0430\u0458\u0435\u0434\u043d\u0438\u0448\u0442\u0432\u043e \u0443 \u0432\u0435\u0440\u0438\t\t\t\t\t\t<\/span>\n\t\t\t\t\t<\/h3>\n\t\t\t\t\n\t\t\t\t\t\t\t\t\t<p class=\"elementor-icon-box-description\">\n\t\t\t\t\t\t\u041a\u0440\u043e\u0437 \u0434\u043e\u043d\u0430\u0446\u0438\u0458\u0435 \u0458\u0430\u0447\u0430\u0442\u0435 \u043d\u0430\u0448\u0443 \u0437\u0430\u0458\u0435\u0434\u043d\u0438\u0446\u0443 \u0438 \u0437\u0430\u0458\u0435\u0434\u043d\u0438\u0447\u043a\u0438 \u0434\u0443\u0445, \u043e\u043a\u0443\u043f\u0459\u0430\u0458\u0443\u045b\u0438 \u043d\u0430\u0441 \u0443 \u0432\u0435\u0440\u0438.\t\t\t\t\t<\/p>\n\t\t\t\t\n\t\t\t<\/div>\n\t\t\t\n\t\t<\/div>\n\t\t\t\t\t\t<\/div>\n\t\t\t\t<\/div>\n\t\t\t\t\t<\/div>\n\t\t\t\t<\/div>\n\t\t<div class=\"elementor-element elementor-element-f4fa314 e-flex e-con-boxed e-con e-parent\" data-id=\"f4fa314\" data-element_type=\"container\" data-e-type=\"container\" data-settings=\"{&quot;background_background&quot;:&quot;classic&quot;}\">\n\t\t\t\t\t<div class=\"e-con-inner\">\n\t\t<div class=\"elementor-element elementor-element-b89b6ec e-con-full e-flex e-con e-child\" data-id=\"b89b6ec\" data-element_type=\"container\" data-e-type=\"container\" data-settings=\"{&quot;background_background&quot;:&quot;classic&quot;}\">\n\t\t<div class=\"elementor-element elementor-element-bf594f4 e-con-full e-flex e-con e-child\" data-id=\"bf594f4\" data-element_type=\"container\" data-e-type=\"container\">\n\t\t\t\t<div class=\"elementor-element elementor-element-ab13526 elementor-widget elementor-widget-heading\" data-id=\"ab13526\" data-element_type=\"widget\" data-e-type=\"widget\" data-widget_type=\"heading.default\">\n\t\t\t\t\t<h2 class=\"elementor-heading-title elementor-size-default\">Donacije<\/h2>\t\t\t\t<\/div>\n\t\t\t\t<div class=\"elementor-element elementor-element-f4671be elementor-widget elementor-widget-text-editor\" data-id=\"f4671be\" data-element_type=\"widget\" data-e-type=\"widget\" data-widget_type=\"text-editor.default\">\n\t\t\t\t\t\t\t\t\t\u0421\u0432\u0430\u043a\u0430 \u0434\u043e\u043d\u0430\u0446\u0438\u0458\u0430 \u043f\u043e\u043c\u0430\u0436\u0435 \u0443 \u043e\u0447\u0443\u0432\u0430\u045a\u0443 \u043d\u0430\u0448\u0435 \u0441\u0432\u0435\u0442\u0438\u045a\u0435, \u043f\u043e\u0434\u0440\u0448\u0446\u0438 \u043c\u0438\u0441\u0438\u0458\u0438 \u0426\u0440\u043a\u0432\u0435 \u0438 \u043e\u0440\u0433\u0430\u043d\u0438\u0437\u043e\u0432\u0430\u045a\u0443 \u0434\u0443\u0445\u043e\u0432\u043d\u0438\u0445, \u043a\u0443\u043b\u0442\u0443\u0440\u043d\u0438\u0445 \u0438 \u043e\u0431\u0440\u0430\u0437\u043e\u0432\u043d\u0438\u0445 \u043f\u0440\u043e\u0433\u0440\u0430\u043c\u0430.\t\t\t\t\t\t\t\t<\/div>\n\t\t\t\t<\/div>\n\t\t\t\t<div class=\"elementor-element elementor-element-2f37af6 elementor-button-align-stretch elementor-widget elementor-widget-form\" data-id=\"2f37af6\" data-element_type=\"widget\" data-e-type=\"widget\" data-settings=\"{&quot;step_next_label&quot;:&quot;Next&quot;,&quot;step_previous_label&quot;:&quot;Previous&quot;,&quot;button_width&quot;:&quot;100&quot;,&quot;step_type&quot;:&quot;number_text&quot;,&quot;step_icon_shape&quot;:&quot;circle&quot;}\" data-widget_type=\"form.default\">\n\t\t\t\t\t\t\t<form class=\"elementor-form\" method=\"post\" name=\"New Form\" aria-label=\"New Form\">\n\t\t\t<input type=\"hidden\" name=\"post_id\" value=\"47\"\/>\n\t\t\t<input type=\"hidden\" name=\"form_id\" value=\"2f37af6\"\/>\n\t\t\t<input type=\"hidden\" name=\"referer_title\" value=\"Donacije\" \/>\n\n\t\t\t\t\t\t\t<input type=\"hidden\" name=\"queried_id\" value=\"47\"\/>\n\t\t\t\n\t\t\t<div class=\"elementor-form-fields-wrapper elementor-labels-\">\n\t\t\t\t\t\t\t\t<div class=\"elementor-field-type-text elementor-field-group elementor-column elementor-field-group-name elementor-col-33\">\n\t\t\t\t\t\t\t\t\t\t\t\t<label for=\"form-field-name\" class=\"elementor-field-label elementor-screen-only\">\n\t\t\t\t\t\t\t\t$20\t\t\t\t\t\t\t<\/label>\n\t\t\t\t\t\t\t\t\t\t\t\t\t\t<input size=\"1\" type=\"text\" name=\"form_fields[name]\" id=\"form-field-name\" class=\"elementor-field elementor-size-lg  elementor-field-textual\" placeholder=\"$20\">\n\t\t\t\t\t\t\t\t\t\t\t<\/div>\n\t\t\t\t\t\t\t\t<div class=\"elementor-field-type-text elementor-field-group elementor-column elementor-field-group-field_f610d88 elementor-col-33\">\n\t\t\t\t\t\t\t\t\t\t\t\t<label for=\"form-field-field_f610d88\" class=\"elementor-field-label elementor-screen-only\">\n\t\t\t\t\t\t\t\t$50\t\t\t\t\t\t\t<\/label>\n\t\t\t\t\t\t\t\t\t\t\t\t\t\t<input size=\"1\" type=\"text\" name=\"form_fields[field_f610d88]\" id=\"form-field-field_f610d88\" class=\"elementor-field elementor-size-lg  elementor-field-textual\" placeholder=\"$50\">\n\t\t\t\t\t\t\t\t\t\t\t<\/div>\n\t\t\t\t\t\t\t\t<div class=\"elementor-field-type-text elementor-field-group elementor-column elementor-field-group-field_744ecc9 elementor-col-33\">\n\t\t\t\t\t\t\t\t\t\t\t\t<label for=\"form-field-field_744ecc9\" class=\"elementor-field-label elementor-screen-only\">\n\t\t\t\t\t\t\t\t$100\t\t\t\t\t\t\t<\/label>\n\t\t\t\t\t\t\t\t\t\t\t\t\t\t<input size=\"1\" type=\"text\" name=\"form_fields[field_744ecc9]\" id=\"form-field-field_744ecc9\" class=\"elementor-field elementor-size-lg  elementor-field-textual\" placeholder=\"$100\">\n\t\t\t\t\t\t\t\t\t\t\t<\/div>\n\t\t\t\t\t\t\t\t<div class=\"elementor-field-type-text elementor-field-group elementor-column elementor-field-group-email elementor-col-100 elementor-field-required\">\n\t\t\t\t\t\t\t\t\t\t\t\t<label for=\"form-field-email\" class=\"elementor-field-label elementor-screen-only\">\n\t\t\t\t\t\t\t\t$\t\t\t\t\t\t\t<\/label>\n\t\t\t\t\t\t\t\t\t\t\t\t\t\t<input size=\"1\" type=\"text\" name=\"form_fields[email]\" id=\"form-field-email\" class=\"elementor-field elementor-size-lg  elementor-field-textual\" placeholder=\"$\" required=\"required\">\n\t\t\t\t\t\t\t\t\t\t\t<\/div>\n\t\t\t\t\t\t\t\t<div class=\"elementor-field-group elementor-column elementor-field-type-submit elementor-col-100 e-form__buttons\">\n\t\t\t\t\t<button class=\"elementor-button elementor-size-md\" type=\"submit\">\n\t\t\t\t\t\t<span class=\"elementor-button-content-wrapper\">\n\t\t\t\t\t\t\t\t\t\t\t\t\t\t\t\t\t\t\t\t\t\t<span class=\"elementor-button-text\">\u0414\u0430\u0459\u0435<\/span>\n\t\t\t\t\t\t\t\t\t\t\t\t\t<\/span>\n\t\t\t\t\t<\/button>\n\t\t\t\t<\/div>\n\t\t\t<\/div>\n\t\t<\/form>\n\t\t\t\t\t\t<\/div>\n\t\t\t\t<\/div>\n\t\t\t\t\t<\/div>\n\t\t\t\t<\/div>\n\t\t\t\t<\/div>\n\t\t","protected":false},"excerpt":{"rendered":"<p>\u0412\u0430\u0448\u0430 \u043f\u043e\u0434\u0440\u0448\u043a\u0430 \u0447\u0438\u043d\u0438 \u0440\u0430\u0437\u043b\u0438\u043a\u0443 Va\u0161e donacije su od su\u0161tinskog zna\u010daja za na\u0161u zajednicu. Poma\u017eu nam da odr\u017eavamo i razvijamo na\u0161e aktivnosti, pru\u017eaju\u0107i podr\u0161ku svima kojima je potrebna. Zajedno mo\u017eemo u\u010diniti na\u0161 svet boljim mestom. \u041e \u0434\u043e\u043d\u0430\u0446\u0438\u0458\u0430\u043c\u0430 \u0417\u0430\u0448\u0442\u043e \u0434\u043e\u043d\u0430\u0446\u0438\u0458\u0435 \u0437\u043d\u0430\u0447\u0435 \u041d\u0430\u0448\u0430 \u0446\u0440\u043a\u0432\u0430 \u043e\u043f\u0441\u0442\u0430\u0458\u0435 \u0438 \u0440\u0430\u0437\u0432\u0438\u0458\u0430 \u0441\u0435 \u0437\u0430\u0445\u0432\u0430\u0459\u0443\u0458\u0443\u045b\u0438 \u0459\u0443\u0431\u0430\u0432\u0438, \u043f\u043e\u0436\u0440\u0442\u0432\u043e\u0432\u0430\u043d\u043e\u0441\u0442\u0438 \u0438 \u043f\u043e\u0434\u0440\u0448\u0446\u0438 \u0441\u0432\u043e\u0458\u0438\u0445 \u0432\u0435\u0440\u043d\u0438\u043a\u0430. \u0421\u0432\u0430\u043a\u0430 \u0434\u043e\u043d\u0430\u0446\u0438\u0458\u0430, \u0431\u0435\u0437 [&hellip;]<\/p>\n","protected":false},"author":1,"featured_media":0,"parent":0,"menu_order":0,"comment_status":"closed","ping_status":"closed","template":"","meta":{"footnotes":""},"class_list":["post-47","page","type-page","status-publish","hentry"],"_links":{"self":[{"href":"https:\/\/stmilutintheking.org\/en\/wp-json\/wp\/v2\/pages\/47","targetHints":{"allow":["GET"]}}],"collection":[{"href":"https:\/\/stmilutintheking.org\/en\/wp-json\/wp\/v2\/pages"}],"about":[{"href":"https:\/\/stmilutintheking.org\/en\/wp-json\/wp\/v2\/types\/page"}],"author":[{"embeddable":true,"href":"https:\/\/stmilutintheking.org\/en\/wp-json\/wp\/v2\/users\/1"}],"replies":[{"embeddable":true,"href":"https:\/\/stmilutintheking.org\/en\/wp-json\/wp\/v2\/comments?post=47"}],"version-history":[{"count":28,"href":"https:\/\/stmilutintheking.org\/en\/wp-json\/wp\/v2\/pages\/47\/revisions"}],"predecessor-version":[{"id":505,"href":"https:\/\/stmilutintheking.org\/en\/wp-json\/wp\/v2\/pages\/47\/revisions\/505"}],"wp:attachment":[{"href":"https:\/\/stmilutintheking.org\/en\/wp-json\/wp\/v2\/media?parent=47"}],"curies":[{"name":"wp","href":"https:\/\/api.w.org\/{rel}","templated":true}]}}